{"id":2733,"date":"2026-04-04T17:43:55","date_gmt":"2026-04-04T17:43:55","guid":{"rendered":"https:\/\/wetalkmoroccan.com\/store\/product\/linkedin-career-abonnement-6-mois\/"},"modified":"2026-04-06T18:50:25","modified_gmt":"2026-04-06T18:50:25","slug":"linkedin-career-abonnement-6-mois","status":"publish","type":"product","link":"https:\/\/wetalkmoroccan.com\/store\/product\/linkedin-career-abonnement-6-mois\/","title":{"rendered":"LinkedIn Career \u2013 Abonnement 6 mois"},"content":{"rendered":"<p>Profitez de LinkedIn Career pour d\u00e9velopper votre profil, trouver des opportunit\u00e9s et am\u00e9liorer votre visibilit\u00e9 professionnelle.<br \/>\n\u2705 Avantages de LinkedIn Career :<br \/>\n\u25aa Acc\u00e8s aux offres d\u2019emploi premium\u25aa Mise en avant de votre profil aupr\u00e8s des recruteurs\u25aa Insights sur les candidatures et entreprises\u25aa Acc\u00e8s \u00e0 LinkedIn Learning\u25aa D\u00e9veloppement de comp\u00e9tences professionnelles\u25aa Id\u00e9al pour \u00e9tudiants et chercheurs d\u2019emploi<br \/>\n\ud83d\udce9 Livraison rapide par email (5 \u00e0 30 minutes)\ud83d\udcb3 Paiement unique \u2013 Aucun abonnement mensuel<\/p>\n","protected":false},"excerpt":{"rendered":"<p>Profitez de LinkedIn Career pour d\u00e9velopper votre profil, trouver des opportunit\u00e9s et am\u00e9liorer votre visibilit\u00e9 professionnelle. \u2705 Avantages de LinkedIn<\/p>\n","protected":false},"featured_media":2731,"comment_status":"open","ping_status":"closed","template":"","meta":[],"product_brand":[],"product_cat":[48],"product_tag":[],"class_list":{"0":"post-2733","1":"product","2":"type-product","3":"status-publish","4":"has-post-thumbnail","6":"product_cat-websites-templates","8":"first","9":"instock","10":"sale","11":"shipping-taxable","12":"purchasable","13":"product-type-simple"},"_links":{"self":[{"href":"https:\/\/wetalkmoroccan.com\/store\/wp-json\/wp\/v2\/product\/2733","targetHints":{"allow":["GET"]}}],"collection":[{"href":"https:\/\/wetalkmoroccan.com\/store\/wp-json\/wp\/v2\/product"}],"about":[{"href":"https:\/\/wetalkmoroccan.com\/store\/wp-json\/wp\/v2\/types\/product"}],"replies":[{"embeddable":true,"href":"https:\/\/wetalkmoroccan.com\/store\/wp-json\/wp\/v2\/comments?post=2733"}],"version-history":[{"count":1,"href":"https:\/\/wetalkmoroccan.com\/store\/wp-json\/wp\/v2\/product\/2733\/revisions"}],"predecessor-version":[{"id":2734,"href":"https:\/\/wetalkmoroccan.com\/store\/wp-json\/wp\/v2\/product\/2733\/revisions\/2734"}],"wp:featuredmedia":[{"embeddable":true,"href":"https:\/\/wetalkmoroccan.com\/store\/wp-json\/wp\/v2\/media\/2731"}],"wp:attachment":[{"href":"https:\/\/wetalkmoroccan.com\/store\/wp-json\/wp\/v2\/media?parent=2733"}],"wp:term":[{"taxonomy":"product_brand","embeddable":true,"href":"https:\/\/wetalkmoroccan.com\/store\/wp-json\/wp\/v2\/product_brand?post=2733"},{"taxonomy":"product_cat","embeddable":true,"href":"https:\/\/wetalkmoroccan.com\/store\/wp-json\/wp\/v2\/product_cat?post=2733"},{"taxonomy":"product_tag","embeddable":true,"href":"https:\/\/wetalkmoroccan.com\/store\/wp-json\/wp\/v2\/product_tag?post=2733"}],"curies":[{"name":"wp","href":"https:\/\/api.w.org\/{rel}","templated":true}]}}